{"id":1874,"date":"2018-08-30T21:54:26","date_gmt":"2018-08-30T19:54:26","guid":{"rendered":"https:\/\/www.previjob.com\/previjob_wp\/?page_id=1874"},"modified":"2023-09-06T18:59:56","modified_gmt":"2023-09-06T16:59:56","slug":"area-de-clients","status":"publish","type":"page","link":"https:\/\/www.previjob.com\/ca\/area-de-clients\/","title":{"rendered":"\u00c0rea de clients"},"content":{"rendered":"\t\t<div data-elementor-type=\"wp-page\" data-elementor-id=\"1874\" class=\"elementor elementor-1874 elementor-183\" data-elementor-post-type=\"page\">\n\t\t\t\t\t\t<section class=\"elementor-section elementor-top-section elementor-element elementor-element-28387f4 elementor-section-boxed elementor-section-height-default elementor-section-height-default\" data-id=\"28387f4\" data-element_type=\"section\" data-settings=\"{&quot;background_background&quot;:&quot;classic&quot;}\">\n\t\t\t\t\t\t\t<div class=\"elementor-background-overlay\"><\/div>\n\t\t\t\t\t\t\t<div class=\"elementor-container elementor-column-gap-default\">\n\t\t\t\t\t<div class=\"elementor-column elementor-col-100 elementor-top-column elementor-element elementor-element-767a5a8\" data-id=\"767a5a8\" data-element_type=\"column\">\n\t\t\t<div class=\"elementor-widget-wrap elementor-element-populated\">\n\t\t\t\t\t\t<div class=\"elementor-element elementor-element-aba23ed elementor-widget elementor-widget-heading\" data-id=\"aba23ed\" data-element_type=\"widget\" data-widget_type=\"heading.default\">\n\t\t\t\t<div class=\"elementor-widget-container\">\n\t\t\t<h1 class=\"elementor-heading-title elementor-size-default\">\u00c0rea de clients<\/h1>\t\t<\/div>\n\t\t\t\t<\/div>\n\t\t\t\t<div class=\"elementor-element elementor-element-69633ab elementor-widget-divider--view-line elementor-widget elementor-widget-divider\" data-id=\"69633ab\" data-element_type=\"widget\" data-widget_type=\"divider.default\">\n\t\t\t\t<div class=\"elementor-widget-container\">\n\t\t\t\t\t<div class=\"elementor-divider\">\n\t\t\t<span class=\"elementor-divider-separator\">\n\t\t\t\t\t\t<\/span>\n\t\t<\/div>\n\t\t\t\t<\/div>\n\t\t\t\t<\/div>\n\t\t\t\t<section class=\"elementor-section elementor-inner-section elementor-element elementor-element-2a597a8 elementor-section-boxed elementor-section-height-default elementor-section-height-default\" data-id=\"2a597a8\" data-element_type=\"section\">\n\t\t\t\t\t\t<div class=\"elementor-container elementor-column-gap-default\">\n\t\t\t\t\t<div class=\"elementor-column elementor-col-33 elementor-inner-column elementor-element elementor-element-5f06157\" data-id=\"5f06157\" data-element_type=\"column\" data-settings=\"{&quot;background_background&quot;:&quot;classic&quot;}\">\n\t\t\t<div class=\"elementor-widget-wrap elementor-element-populated\">\n\t\t\t\t\t\t<div class=\"elementor-element elementor-element-47b1ffa elementor-button-align-center elementor-widget elementor-widget-form\" data-id=\"47b1ffa\" data-element_type=\"widget\" data-settings=\"{&quot;step_next_label&quot;:&quot;Siguiente&quot;,&quot;step_previous_label&quot;:&quot;Anterior&quot;,&quot;step_type&quot;:&quot;number_text&quot;,&quot;step_icon_shape&quot;:&quot;circle&quot;}\" data-widget_type=\"form.default\">\n\t\t\t\t<div class=\"elementor-widget-container\">\n\t\t\t\t\t<form class=\"elementor-form\" method=\"post\" name=\"frm2200abc\">\n\t\t\t<input type=\"hidden\" name=\"post_id\" value=\"1874\"\/>\n\t\t\t<input type=\"hidden\" name=\"form_id\" value=\"47b1ffa\"\/>\n\t\t\t<input type=\"hidden\" name=\"referer_title\" value=\"Previjob\" \/>\n\n\t\t\t\n\t\t\t<div class=\"elementor-form-fields-wrapper elementor-labels-above\">\n\t\t\t\t\t\t\t\t<div class=\"elementor-field-type-acceptance elementor-field-group elementor-column elementor-field-group-field_3c436d7 elementor-col-100 elementor-field-required\">\n\t\t\t\t\t\t\t<div class=\"elementor-field-subgroup\">\n\t\t\t<span class=\"elementor-field-option\">\n\t\t\t\t<input type=\"checkbox\" name=\"form_fields[field_3c436d7]\" id=\"form-field-field_3c436d7\" class=\"elementor-field elementor-size-sm  elementor-acceptance-field\" required=\"required\" aria-required=\"true\">\n\t\t\t\t<label for=\"form-field-field_3c436d7\">En accedir a l\u2019\u00c0rea de clients accepto la <a href=\"https:\/\/www.previjob.com\/politica-de-privacidad-2\/\" target=\"_blank\"><strong>pol\u00edtica de privacitat\n<\/strong><\/a><\/label>\t\t\t<\/span>\n\t\t<\/div>\n\t\t\t\t\t\t<\/div>\n\t\t\t\t\t\t\t\t<div class=\"elementor-field-group elementor-column elementor-field-type-submit elementor-col-100 e-form__buttons\">\n\t\t\t\t\t<button type=\"submit\" class=\"elementor-button elementor-size-sm elementor-animation-shrink\">\n\t\t\t\t\t\t<span >\n\t\t\t\t\t\t\t\t\t\t\t\t\t\t\t<span class=\" elementor-button-icon\">\n\t\t\t\t\t\t\t\t\t\t\t\t\t\t\t\t\t\t\t\t\t\t\t\t\t\t<\/span>\n\t\t\t\t\t\t\t\t\t\t\t\t\t\t\t\t\t\t\t\t\t\t<span class=\"elementor-button-text\">\u00c0REA DE CLIENTS<\/span>\n\t\t\t\t\t\t\t\t\t\t\t\t\t<\/span>\n\t\t\t\t\t<\/button>\n\t\t\t\t<\/div>\n\t\t\t<\/div>\n\t\t<\/form>\n\t\t\t\t<\/div>\n\t\t\t\t<\/div>\n\t\t\t\t\t<\/div>\n\t\t<\/div>\n\t\t\t\t<div class=\"elementor-column elementor-col-33 elementor-inner-column elementor-element elementor-element-5a87cee\" data-id=\"5a87cee\" data-element_type=\"column\" data-settings=\"{&quot;background_background&quot;:&quot;classic&quot;}\">\n\t\t\t<div class=\"elementor-widget-wrap elementor-element-populated\">\n\t\t\t\t\t\t<div class=\"elementor-element elementor-element-0595d3e elementor-align-center elementor-widget elementor-widget-button\" data-id=\"0595d3e\" data-element_type=\"widget\" data-widget_type=\"button.default\">\n\t\t\t\t<div class=\"elementor-widget-container\">\n\t\t\t\t\t<div class=\"elementor-button-wrapper\">\n\t\t\t<a class=\"elementor-button elementor-button-link elementor-size-xs elementor-animation-shrink\" href=\"https:\/\/www.previjob.com\/previjob_wp\/agenda-cursos-previjob\/\">\n\t\t\t\t\t\t<span class=\"elementor-button-content-wrapper\">\n\t\t\t\t\t\t<span class=\"elementor-button-text\">FORMACIONS ON-LINE<\/span>\n\t\t<\/span>\n\t\t\t\t\t<\/a>\n\t\t<\/div>\n\t\t\t\t<\/div>\n\t\t\t\t<\/div>\n\t\t\t\t\t<\/div>\n\t\t<\/div>\n\t\t\t\t<div class=\"elementor-column elementor-col-33 elementor-inner-column elementor-element elementor-element-d685e1a\" data-id=\"d685e1a\" data-element_type=\"column\" data-settings=\"{&quot;background_background&quot;:&quot;classic&quot;}\">\n\t\t\t<div class=\"elementor-widget-wrap elementor-element-populated\">\n\t\t\t\t\t\t<div class=\"elementor-element elementor-element-dfa5938 elementor-align-center elementor-widget elementor-widget-button\" data-id=\"dfa5938\" data-element_type=\"widget\" data-widget_type=\"button.default\">\n\t\t\t\t<div class=\"elementor-widget-container\">\n\t\t\t\t\t<div class=\"elementor-button-wrapper\">\n\t\t\t<a class=\"elementor-button elementor-button-link elementor-size-sm elementor-animation-shrink\" href=\"https:\/\/www.previjob.com\/previjob_wp\/documentacion-en-riesgos-laborales\/?lang=ca\">\n\t\t\t\t\t\t<span class=\"elementor-button-content-wrapper\">\n\t\t\t\t\t\t<span class=\"elementor-button-text\">DESCARREGAR PLANTILLES<\/span>\n\t\t<\/span>\n\t\t\t\t\t<\/a>\n\t\t<\/div>\n\t\t\t\t<\/div>\n\t\t\t\t<\/div>\n\t\t\t\t\t<\/div>\n\t\t<\/div>\n\t\t\t\t\t<\/div>\n\t\t<\/section>\n\t\t\t\t\t<\/div>\n\t\t<\/div>\n\t\t\t\t\t<\/div>\n\t\t<\/section>\n\t\t\t\t<section class=\"elementor-section elementor-top-section elementor-element elementor-element-550ee3b elementor-reverse-tablet elementor-reverse-mobile elementor-section-boxed elementor-section-height-default elementor-section-height-default\" data-id=\"550ee3b\" data-element_type=\"section\" data-settings=\"{&quot;background_background&quot;:&quot;classic&quot;}\">\n\t\t\t\t\t\t\t<div class=\"elementor-background-overlay\"><\/div>\n\t\t\t\t\t\t\t<div class=\"elementor-container elementor-column-gap-default\">\n\t\t\t\t\t<div class=\"elementor-column elementor-col-100 elementor-top-column elementor-element elementor-element-982d928\" data-id=\"982d928\" data-element_type=\"column\">\n\t\t\t<div class=\"elementor-widget-wrap elementor-element-populated\">\n\t\t\t\t\t\t<div class=\"elementor-element elementor-element-afb94ab elementor-widget elementor-widget-heading\" data-id=\"afb94ab\" data-element_type=\"widget\" data-widget_type=\"heading.default\">\n\t\t\t\t<div class=\"elementor-widget-container\">\n\t\t\t<h3 class=\"elementor-heading-title elementor-size-default\"> Tens problemes per accedir-hi?<\/h3>\t\t<\/div>\n\t\t\t\t<\/div>\n\t\t\t\t<div class=\"elementor-element elementor-element-83e1428 elementor-widget elementor-widget-heading\" data-id=\"83e1428\" data-element_type=\"widget\" data-widget_type=\"heading.default\">\n\t\t\t\t<div class=\"elementor-widget-container\">\n\t\t\t<h3 class=\"elementor-heading-title elementor-size-default\"><a href=\"tel:%20977229895\" target=\"_blank\">Truca\u00b4ns: 977 22 98 95<\/a><\/h3>\t\t<\/div>\n\t\t\t\t<\/div>\n\t\t\t\t\t<\/div>\n\t\t<\/div>\n\t\t\t\t\t<\/div>\n\t\t<\/section>\n\t\t\t\t<\/div>\n\t\t","protected":false},"excerpt":{"rendered":"<p>\u00c0rea de clients FORMACIONS ON-LINE DESCARREGAR PLANTILLES Tens problemes per accedir-hi? Truca\u00b4ns: 977 22 98 95<\/p>\n","protected":false},"author":1,"featured_media":0,"parent":0,"menu_order":0,"comment_status":"closed","ping_status":"closed","template":"elementor_header_footer","meta":{"footnotes":""},"yoast_head":"<!-- This site is optimized with the Yoast SEO plugin v22.4 - https:\/\/yoast.com\/wordpress\/plugins\/seo\/ -->\n<title>\u00c0rea de clients | Previjob -- Troba tota la informaci\u00f3 que necessitis<\/title>\n<meta name=\"description\" content=\"\u00c0rea clients de Previjob on trobar\u00e0s informaci\u00f3 rellevant per al teu negoci. Per accedir-hi, necessitar\u00e0s un nom d&#039;usuari i contrasenya.\" \/>\n<meta name=\"robots\" content=\"index, follow, max-snippet:-1, max-image-preview:large, max-video-preview:-1\" \/>\n<link rel=\"canonical\" href=\"https:\/\/www.previjob.com\/ca\/area-de-clients\/\" \/>\n<meta property=\"og:locale\" content=\"ca_ES\" \/>\n<meta property=\"og:type\" content=\"article\" \/>\n<meta property=\"og:title\" content=\"\u00c0rea de clients | Previjob -- Troba tota la informaci\u00f3 que necessitis\" \/>\n<meta property=\"og:description\" content=\"\u00c0rea clients de Previjob on trobar\u00e0s informaci\u00f3 rellevant per al teu negoci. Per accedir-hi, necessitar\u00e0s un nom d&#039;usuari i contrasenya.\" \/>\n<meta property=\"og:url\" content=\"https:\/\/www.previjob.com\/ca\/area-de-clients\/\" \/>\n<meta property=\"og:site_name\" content=\"Previjob\" \/>\n<meta property=\"article:publisher\" content=\"https:\/\/www.facebook.com\/Previjob\/\" \/>\n<meta property=\"article:modified_time\" content=\"2023-09-06T16:59:56+00:00\" \/>\n<meta name=\"twitter:card\" content=\"summary_large_image\" \/>\n<meta name=\"twitter:site\" content=\"@Previjob\" \/>\n<meta name=\"twitter:label1\" content=\"Temps estimat de lectura\" \/>\n\t<meta name=\"twitter:data1\" content=\"1 minut\" \/>\n<script type=\"application\/ld+json\" class=\"yoast-schema-graph\">{\"@context\":\"https:\/\/schema.org\",\"@graph\":[{\"@type\":\"WebPage\",\"@id\":\"https:\/\/www.previjob.com\/ca\/area-de-clients\/\",\"url\":\"https:\/\/www.previjob.com\/ca\/area-de-clients\/\",\"name\":\"\u00c0rea de clients | Previjob -- Troba tota la informaci\u00f3 que necessitis\",\"isPartOf\":{\"@id\":\"https:\/\/www.previjob.com\/ca\/#website\"},\"datePublished\":\"2018-08-30T19:54:26+00:00\",\"dateModified\":\"2023-09-06T16:59:56+00:00\",\"description\":\"\u00c0rea clients de Previjob on trobar\u00e0s informaci\u00f3 rellevant per al teu negoci. Per accedir-hi, necessitar\u00e0s un nom d'usuari i contrasenya.\",\"breadcrumb\":{\"@id\":\"https:\/\/www.previjob.com\/ca\/area-de-clients\/#breadcrumb\"},\"inLanguage\":\"ca\",\"potentialAction\":[{\"@type\":\"ReadAction\",\"target\":[\"https:\/\/www.previjob.com\/ca\/area-de-clients\/\"]}]},{\"@type\":\"BreadcrumbList\",\"@id\":\"https:\/\/www.previjob.com\/ca\/area-de-clients\/#breadcrumb\",\"itemListElement\":[{\"@type\":\"ListItem\",\"position\":1,\"name\":\"Inicio\",\"item\":\"https:\/\/www.previjob.com\/ca\/\"},{\"@type\":\"ListItem\",\"position\":2,\"name\":\"\u00c0rea de clients\"}]},{\"@type\":\"WebSite\",\"@id\":\"https:\/\/www.previjob.com\/ca\/#website\",\"url\":\"https:\/\/www.previjob.com\/ca\/\",\"name\":\"Previjob\",\"description\":\"Prevenci\u00f3n de Riesgos Laborales\",\"publisher\":{\"@id\":\"https:\/\/www.previjob.com\/ca\/#organization\"},\"potentialAction\":[{\"@type\":\"SearchAction\",\"target\":{\"@type\":\"EntryPoint\",\"urlTemplate\":\"https:\/\/www.previjob.com\/ca\/?s={search_term_string}\"},\"query-input\":\"required name=search_term_string\"}],\"inLanguage\":\"ca\"},{\"@type\":\"Organization\",\"@id\":\"https:\/\/www.previjob.com\/ca\/#organization\",\"name\":\"Previjob\",\"url\":\"https:\/\/www.previjob.com\/ca\/\",\"logo\":{\"@type\":\"ImageObject\",\"inLanguage\":\"ca\",\"@id\":\"https:\/\/www.previjob.com\/ca\/#\/schema\/logo\/image\/\",\"url\":\"https:\/\/www.previjob.com\/previjob_wp\/wp-content\/uploads\/2018\/10\/logo-previjob.png\",\"contentUrl\":\"https:\/\/www.previjob.com\/previjob_wp\/wp-content\/uploads\/2018\/10\/logo-previjob.png\",\"width\":208,\"height\":70,\"caption\":\"Previjob\"},\"image\":{\"@id\":\"https:\/\/www.previjob.com\/ca\/#\/schema\/logo\/image\/\"},\"sameAs\":[\"https:\/\/www.facebook.com\/Previjob\/\",\"https:\/\/twitter.com\/Previjob\"]}]}<\/script>\n<!-- \/ Yoast SEO plugin. -->","yoast_head_json":{"title":"\u00c0rea de clients | Previjob -- Troba tota la informaci\u00f3 que necessitis","description":"\u00c0rea clients de Previjob on trobar\u00e0s informaci\u00f3 rellevant per al teu negoci. Per accedir-hi, necessitar\u00e0s un nom d'usuari i contrasenya.","robots":{"index":"index","follow":"follow","max-snippet":"max-snippet:-1","max-image-preview":"max-image-preview:large","max-video-preview":"max-video-preview:-1"},"canonical":"https:\/\/www.previjob.com\/ca\/area-de-clients\/","og_locale":"ca_ES","og_type":"article","og_title":"\u00c0rea de clients | Previjob -- Troba tota la informaci\u00f3 que necessitis","og_description":"\u00c0rea clients de Previjob on trobar\u00e0s informaci\u00f3 rellevant per al teu negoci. Per accedir-hi, necessitar\u00e0s un nom d'usuari i contrasenya.","og_url":"https:\/\/www.previjob.com\/ca\/area-de-clients\/","og_site_name":"Previjob","article_publisher":"https:\/\/www.facebook.com\/Previjob\/","article_modified_time":"2023-09-06T16:59:56+00:00","twitter_card":"summary_large_image","twitter_site":"@Previjob","twitter_misc":{"Temps estimat de lectura":"1 minut"},"schema":{"@context":"https:\/\/schema.org","@graph":[{"@type":"WebPage","@id":"https:\/\/www.previjob.com\/ca\/area-de-clients\/","url":"https:\/\/www.previjob.com\/ca\/area-de-clients\/","name":"\u00c0rea de clients | Previjob -- Troba tota la informaci\u00f3 que necessitis","isPartOf":{"@id":"https:\/\/www.previjob.com\/ca\/#website"},"datePublished":"2018-08-30T19:54:26+00:00","dateModified":"2023-09-06T16:59:56+00:00","description":"\u00c0rea clients de Previjob on trobar\u00e0s informaci\u00f3 rellevant per al teu negoci. Per accedir-hi, necessitar\u00e0s un nom d'usuari i contrasenya.","breadcrumb":{"@id":"https:\/\/www.previjob.com\/ca\/area-de-clients\/#breadcrumb"},"inLanguage":"ca","potentialAction":[{"@type":"ReadAction","target":["https:\/\/www.previjob.com\/ca\/area-de-clients\/"]}]},{"@type":"BreadcrumbList","@id":"https:\/\/www.previjob.com\/ca\/area-de-clients\/#breadcrumb","itemListElement":[{"@type":"ListItem","position":1,"name":"Inicio","item":"https:\/\/www.previjob.com\/ca\/"},{"@type":"ListItem","position":2,"name":"\u00c0rea de clients"}]},{"@type":"WebSite","@id":"https:\/\/www.previjob.com\/ca\/#website","url":"https:\/\/www.previjob.com\/ca\/","name":"Previjob","description":"Prevenci\u00f3n de Riesgos Laborales","publisher":{"@id":"https:\/\/www.previjob.com\/ca\/#organization"},"potentialAction":[{"@type":"SearchAction","target":{"@type":"EntryPoint","urlTemplate":"https:\/\/www.previjob.com\/ca\/?s={search_term_string}"},"query-input":"required name=search_term_string"}],"inLanguage":"ca"},{"@type":"Organization","@id":"https:\/\/www.previjob.com\/ca\/#organization","name":"Previjob","url":"https:\/\/www.previjob.com\/ca\/","logo":{"@type":"ImageObject","inLanguage":"ca","@id":"https:\/\/www.previjob.com\/ca\/#\/schema\/logo\/image\/","url":"https:\/\/www.previjob.com\/previjob_wp\/wp-content\/uploads\/2018\/10\/logo-previjob.png","contentUrl":"https:\/\/www.previjob.com\/previjob_wp\/wp-content\/uploads\/2018\/10\/logo-previjob.png","width":208,"height":70,"caption":"Previjob"},"image":{"@id":"https:\/\/www.previjob.com\/ca\/#\/schema\/logo\/image\/"},"sameAs":["https:\/\/www.facebook.com\/Previjob\/","https:\/\/twitter.com\/Previjob"]}]}},"_links":{"self":[{"href":"https:\/\/www.previjob.com\/ca\/wp-json\/wp\/v2\/pages\/1874"}],"collection":[{"href":"https:\/\/www.previjob.com\/ca\/wp-json\/wp\/v2\/pages"}],"about":[{"href":"https:\/\/www.previjob.com\/ca\/wp-json\/wp\/v2\/types\/page"}],"author":[{"embeddable":true,"href":"https:\/\/www.previjob.com\/ca\/wp-json\/wp\/v2\/users\/1"}],"replies":[{"embeddable":true,"href":"https:\/\/www.previjob.com\/ca\/wp-json\/wp\/v2\/comments?post=1874"}],"version-history":[{"count":61,"href":"https:\/\/www.previjob.com\/ca\/wp-json\/wp\/v2\/pages\/1874\/revisions"}],"predecessor-version":[{"id":21287,"href":"https:\/\/www.previjob.com\/ca\/wp-json\/wp\/v2\/pages\/1874\/revisions\/21287"}],"wp:attachment":[{"href":"https:\/\/www.previjob.com\/ca\/wp-json\/wp\/v2\/media?parent=1874"}],"curies":[{"name":"wp","href":"https:\/\/api.w.org\/{rel}","templated":true}]}}